{"id":1804,"date":"2024-04-08T06:45:15","date_gmt":"2024-04-08T06:45:15","guid":{"rendered":"https:\/\/www.apartmaniaurel.com\/hausregeln\/"},"modified":"2024-05-14T12:17:49","modified_gmt":"2024-05-14T12:17:49","slug":"hausregeln","status":"publish","type":"page","link":"https:\/\/www.apartmaniaurel.com\/de\/hausregeln\/","title":{"rendered":"Hausregeln"},"content":{"rendered":"\n<h2 class=\"wp-block-heading\">UNSER HAUSREGELN<\/h2>\n\n<p>Sehr geehrte G\u00e4ste, bitte nehmen Sie sich ein paar Minuten Zeit und lesen Sie unsere Hausregeln w\u00e4hrend Ihres Aufenthaltes in unseren Appartements. Vielen Dank.<\/p>\n\n<p>Wir m\u00f6chten Sie mit der Hausordnung bekannt machen, damit Ihr Aufenthalt in unserem Haus f\u00fcr Sie so angenehm wie m\u00f6glich wird. F\u00fcr alle weiteren Informationen wenden Sie sich bitte an den Hauswirt.<\/p>\n\n<ol class=\"wp-block-list\">\n<li>Die Unterkunft steht am Anreisetag ab 14:00 Uhr und am Abreisetag bis 10:00 Uhr zur Verf\u00fcgung<\/li>\n\n\n\n<li>Die G\u00e4ste sind verpflichtet, selber Sorge zu tragen f\u00fcr ihre Sachen und Wertgegenst\u00e4nde, die sie im Apartment\/Zimmer lassen. F\u00fcr das eventuelle Verschwinden derselben \u00fcbernimmt der Eigent\u00fcmer des<\/li>\n\n\n\n<li>Die G\u00e4ste sind verantwortlich f\u00fcr ihr Verhalten im Haus und in seiner Umgebung. Im Falle eines Unfalls tragen sie selbst die Folgen<\/li>\n\n\n\n<li>Schlie\u00dfen Sie die Eingangst\u00fcr des Apartments\/Zimmers ab, wenn sie drinnen sind. Wenn Sie hinausgehen, schlie\u00dfen Sie unbedingt Fenster und T\u00fcren, machen Sie den Sonnenschirm zu, schalten Sie das Licht und alle elektrischen Apparate (TV, Klimaanlage, Herd\u2026) aus und drehen Sie den Wasserhahn zu<\/li>\n\n\n\n<li>Der Objekteigent\u00fcmer hat das Recht in Abwesenheit des Gastes, unter besonderen Umst\u00e4nden, das Apartment\/Zimmer zu betreten, um das Entstehen eines m\u00f6glichen Schadens oder einer Gefahr zu verhindern. Der Eigent\u00fcmer ist verpflichtet den Gast beim n\u00e4chstfolgenden Kontakt dar\u00fcber zu informieren<\/li>\n\n\n\n<li>Es ist verboten, Ausr\u00fcstung und Mobiliar zu zerst\u00f6ren, Chaos zu verursachen und andere G\u00e4ste zu st\u00f6ren. Besonderes verboten ist es, in der Zeit von 14-16 Uhr und von 23-7 Uhr L\u00e4rm zu machen<\/li>\n\n\n\n<li>Inhalte des Apartments\/Zimmer k\u00f6nnen nur von Personen genutzt werden, die als G\u00e4ste ordentlich angemeldet sind. Der Hauswirt kann auf Ersuchen des Gastes eventuelle Besuche zu einer bestimmten Zeit<\/li>\n\n\n\n<li>Es ist nicht erlaubt Waffen, Sprengstoff und leichtbrennbares Material mitzubringen<\/li>\n\n\n\n<li>Die Nutzung der Ausr\u00fcstung und Einrichtung, die nicht Bestandteil des Apartment-\/Zimmerangebots sind, ist nur mit Einwilligung des Hauswirts erlaubt<\/li>\n\n\n\n<li>Das mitbringen von Tieren ist nur mit Zustimmung des Hauswirts erlaubt<\/li>\n\n\n\n<li>Sollte es zum Verschwinden oder zu Besch\u00e4digung von Installationen, Mobiliar, Einrichtung und Ausr\u00fcstung des Apartments\/Zimmers kommen, ist der Gast verpflichtet den Hauswirt dar\u00fcber zu informieren. Sofern es durch die Schuld des Gastes zum Verschwinden oder zur Besch\u00e4digung gekommen ist, ist der Gast verpflichtet den Schaden durch einen entsprechenden Gegenwert zu ersetzen<\/li>\n\n\n\n<li>Es ist verboten, Einrichtung und Ausr\u00fcstung (Handt\u00fccher, Decken usw.) aus dem Apartment\/Zimmer hinauszutragen<\/li>\n\n\n\n<li>Sollte sich der Gast nicht an die Hausordnung halten, hat der Hauswirt das Recht, dem Gast weitere Dienstleistungen zu k\u00fcndigen<\/li>\n\n\n\n<li>\u00dcbergeben Sie dem Hauswirt Ihren Personalausweis oder Reisepass sofort bei Ihrer Ankunft zwecks Anmeldung in der Tourismusagentur<\/li>\n\n\n\n<li>Ihre Bemerkungen, W\u00fcnsche und Belobigungen k\u00f6nnen Sie an den Hauswirt richten, der Ihnen w\u00e4hrend der Arbeitszeit von 8 bis 20 Uhr zur Verf\u00fcgung steht<\/li>\n<\/ol>\n\n<h5 class=\"wp-block-heading\">Wir w\u00fcnschen Ihnen einen angenehmen Aufenthalt!<\/h5>\n\n<p>Hausordnung des Tourismusb\u00fcros.<\/p>\n","protected":false},"excerpt":{"rendered":"<p>UNSER HAUSREGELN Sehr geehrte G\u00e4ste, bitte nehmen Sie sich ein paar Minuten Zeit und lesen Sie unsere Hausregeln w\u00e4hrend Ihres Aufenthaltes in unseren Appartements. Vielen Dank. Wir m\u00f6chten Sie mit der Hausordnung bekannt machen, damit Ihr Aufenthalt in unserem Haus f\u00fcr Sie so angenehm wie m\u00f6glich wird. F\u00fcr alle weiteren Informationen wenden Sie sich bitte [&hellip;]<\/p>\n","protected":false},"author":1,"featured_media":0,"parent":0,"menu_order":0,"comment_status":"closed","ping_status":"closed","template":"","meta":{"footnotes":""},"class_list":["post-1804","page","type-page","status-publish","hentry"],"blocksy_meta":{"has_hero_section":"default","hero_section":"type-1","hero_elements":[{"id":"custom_title","enabled":true,"heading_tag":"h1","title":"Po\u010detna stranica","__id":"C3UVVHt4JMcWOLtDn63mv"},{"id":"custom_description","enabled":false,"description_visibility":{"desktop":true,"tablet":true,"mobile":false},"__id":"Co0srbPfpchDlCkqW45IJ"},{"id":"custom_meta","enabled":false,"meta_elements":[{"id":"author","enabled":true,"label":"Od","has_author_avatar":"yes","avatar_size":25},{"id":"post_date","enabled":true,"label":"Uklju\u010deno","date_format_source":"default","date_format":"M j, Y"},{"id":"updated_date","enabled":false,"label":"Uklju\u010deno","date_format_source":"default","date_format":"M j, Y"},{"id":"categories","enabled":false,"label":"u","style":"simple"},{"id":"comments","enabled":true}],"page_meta_elements":{"joined":true,"articles_count":true,"comments":true},"__id":"1R4YLgG9k4TP42b00gwhO"},{"id":"breadcrumbs","enabled":false,"__id":"GflLRh6cEftfPTF0bW2YZ"}],"styles_descriptor":{"styles":{"desktop":"[data-prefix=\"single_page\"] {background-color:#ffffff;background-image:none;}","tablet":"","mobile":""},"google_fonts":[],"version":6},"content_style_source":"inherit","vertical_spacing_source":"custom","content_area_spacing":"both","page_structure_type":"type-3","background":{"desktop":{"background_type":"color","background_pattern":"type-1","background_image":{"attachment_id":null,"x":0,"y":0},"gradient":"linear-gradient(135deg,rgba(6,147,227,1) 0%,rgb(155,81,224) 100%)","background_repeat":"repeat","background_size":"auto","background_attachment":"scroll","patternColor":{"default":{"color":"#e5e7ea"}},"overlayColor":{"default":{"color":"CT_CSS_SKIP_RULE"}},"backgroundColor":{"default":{"color":"#ffffff"}}},"tablet":{"background_type":"color","background_pattern":"type-1","background_image":{"attachment_id":null,"x":0,"y":0},"gradient":"linear-gradient(135deg,rgba(6,147,227,1) 0%,rgb(155,81,224) 100%)","background_repeat":"repeat","background_size":"auto","background_attachment":"scroll","patternColor":{"default":{"color":"#e5e7ea"}},"overlayColor":{"default":{"color":"CT_CSS_SKIP_RULE"}},"backgroundColor":{"default":{"color":"#ffffff"}}},"mobile":{"background_type":"color","background_pattern":"type-1","background_image":{"attachment_id":null,"x":0,"y":0},"gradient":"linear-gradient(135deg,rgba(6,147,227,1) 0%,rgb(155,81,224) 100%)","background_repeat":"repeat","background_size":"auto","background_attachment":"scroll","patternColor":{"default":{"color":"#e5e7ea"}},"overlayColor":{"default":{"color":"CT_CSS_SKIP_RULE"}},"backgroundColor":{"default":{"color":"#ffffff"}}}}},"_links":{"self":[{"href":"https:\/\/www.apartmaniaurel.com\/de\/wp-json\/wp\/v2\/pages\/1804","targetHints":{"allow":["GET"]}}],"collection":[{"href":"https:\/\/www.apartmaniaurel.com\/de\/wp-json\/wp\/v2\/pages"}],"about":[{"href":"https:\/\/www.apartmaniaurel.com\/de\/wp-json\/wp\/v2\/types\/page"}],"author":[{"embeddable":true,"href":"https:\/\/www.apartmaniaurel.com\/de\/wp-json\/wp\/v2\/users\/1"}],"replies":[{"embeddable":true,"href":"https:\/\/www.apartmaniaurel.com\/de\/wp-json\/wp\/v2\/comments?post=1804"}],"version-history":[{"count":1,"href":"https:\/\/www.apartmaniaurel.com\/de\/wp-json\/wp\/v2\/pages\/1804\/revisions"}],"predecessor-version":[{"id":1805,"href":"https:\/\/www.apartmaniaurel.com\/de\/wp-json\/wp\/v2\/pages\/1804\/revisions\/1805"}],"wp:attachment":[{"href":"https:\/\/www.apartmaniaurel.com\/de\/wp-json\/wp\/v2\/media?parent=1804"}],"curies":[{"name":"wp","href":"https:\/\/api.w.org\/{rel}","templated":true}]}}